{"id":4525,"date":"2025-06-04T17:28:01","date_gmt":"2025-06-04T20:28:01","guid":{"rendered":"https:\/\/www.companyki.com.br\/v2\/?post_type=product&#038;p=4525"},"modified":"2025-06-04T17:28:01","modified_gmt":"2025-06-04T20:28:01","slug":"chave-reposicao-land-rover-5bts","status":"publish","type":"product","link":"https:\/\/www.companyki.com.br\/v2\/produto\/chave-reposicao-land-rover-5bts\/","title":{"rendered":"Chave Reposi\u00e7\u00e3o Land Rover 5Bts"},"content":{"rendered":"<p>Chave Reposi\u00e7\u00e3o Land Rover 5Bts<\/p>\n","protected":false},"excerpt":{"rendered":"<p>Chave Reposi\u00e7\u00e3o Land Rover 5Bts<\/p>\n","protected":false},"featured_media":4526,"comment_status":"open","ping_status":"closed","template":"","meta":{"_uag_custom_page_level_css":""},"product_brand":[],"product_cat":[94,77],"product_tag":[],"class_list":{"0":"post-4525","1":"product","2":"type-product","3":"status-publish","4":"has-post-thumbnail","6":"product_cat-canivetes","7":"product_cat-carcacas-e-adaptacoes","9":"first","10":"instock","11":"shipping-taxable","12":"purchasable","13":"product-type-simple"},"uagb_featured_image_src":{"full":["https:\/\/www.companyki.com.br\/v2\/wp-content\/uploads\/2025\/06\/WhatsApp-Image-2025-06-02-at-09.50.38.jpeg",960,1280,false],"thumbnail":["https:\/\/www.companyki.com.br\/v2\/wp-content\/uploads\/2025\/06\/WhatsApp-Image-2025-06-02-at-09.50.38-150x150.jpeg",150,150,true],"medium":["https:\/\/www.companyki.com.br\/v2\/wp-content\/uploads\/2025\/06\/WhatsApp-Image-2025-06-02-at-09.50.38-225x300.jpeg",225,300,true],"medium_large":["https:\/\/www.companyki.com.br\/v2\/wp-content\/uploads\/2025\/06\/WhatsApp-Image-2025-06-02-at-09.50.38-768x1024.jpeg",525,700,true],"large":["https:\/\/www.companyki.com.br\/v2\/wp-content\/uploads\/2025\/06\/WhatsApp-Image-2025-06-02-at-09.50.38-768x1024.jpeg",525,700,true],"1536x1536":["https:\/\/www.companyki.com.br\/v2\/wp-content\/uploads\/2025\/06\/WhatsApp-Image-2025-06-02-at-09.50.38.jpeg",960,1280,false],"2048x2048":["https:\/\/www.companyki.com.br\/v2\/wp-content\/uploads\/2025\/06\/WhatsApp-Image-2025-06-02-at-09.50.38.jpeg",960,1280,false],"speedia_259x243":["https:\/\/www.companyki.com.br\/v2\/wp-content\/uploads\/2025\/06\/WhatsApp-Image-2025-06-02-at-09.50.38-259x243.jpeg",259,243,true],"speedia_232x232":["https:\/\/www.companyki.com.br\/v2\/wp-content\/uploads\/2025\/06\/WhatsApp-Image-2025-06-02-at-09.50.38-232x232.jpeg",232,232,true],"speedia_141x141":["https:\/\/www.companyki.com.br\/v2\/wp-content\/uploads\/2025\/06\/WhatsApp-Image-2025-06-02-at-09.50.38-141x141.jpeg",141,141,true],"speedia_370x245":["https:\/\/www.companyki.com.br\/v2\/wp-content\/uploads\/2025\/06\/WhatsApp-Image-2025-06-02-at-09.50.38-370x245.jpeg",370,245,true],"speedia_254x253":["https:\/\/www.companyki.com.br\/v2\/wp-content\/uploads\/2025\/06\/WhatsApp-Image-2025-06-02-at-09.50.38-254x253.jpeg",254,253,true],"speedia_170x160":["https:\/\/www.companyki.com.br\/v2\/wp-content\/uploads\/2025\/06\/WhatsApp-Image-2025-06-02-at-09.50.38-170x160.jpeg",170,160,true],"speedia_270x350":["https:\/\/www.companyki.com.br\/v2\/wp-content\/uploads\/2025\/06\/WhatsApp-Image-2025-06-02-at-09.50.38-270x350.jpeg",270,350,true],"speedia_185x185":["https:\/\/www.companyki.com.br\/v2\/wp-content\/uploads\/2025\/06\/WhatsApp-Image-2025-06-02-at-09.50.38-185x185.jpeg",185,185,true],"speedia_270x280":["https:\/\/www.companyki.com.br\/v2\/wp-content\/uploads\/2025\/06\/WhatsApp-Image-2025-06-02-at-09.50.38-270x280.jpeg",270,280,true],"speedia_301x301":["https:\/\/www.companyki.com.br\/v2\/wp-content\/uploads\/2025\/06\/WhatsApp-Image-2025-06-02-at-09.50.38-301x301.jpeg",301,301,true],"speedia_270x220":["https:\/\/www.companyki.com.br\/v2\/wp-content\/uploads\/2025\/06\/WhatsApp-Image-2025-06-02-at-09.50.38-270x220.jpeg",270,220,true],"speedia_273x260":["https:\/\/www.companyki.com.br\/v2\/wp-content\/uploads\/2025\/06\/WhatsApp-Image-2025-06-02-at-09.50.38-273x260.jpeg",273,260,true],"speedia_211x381":["https:\/\/www.companyki.com.br\/v2\/wp-content\/uploads\/2025\/06\/WhatsApp-Image-2025-06-02-at-09.50.38-211x381.jpeg",211,381,true],"speedia_210x243":["https:\/\/www.companyki.com.br\/v2\/wp-content\/uploads\/2025\/06\/WhatsApp-Image-2025-06-02-at-09.50.38-210x243.jpeg",210,243,true],"speedia_1170x400":["https:\/\/www.companyki.com.br\/v2\/wp-content\/uploads\/2025\/06\/WhatsApp-Image-2025-06-02-at-09.50.38-960x400.jpeg",960,400,true],"speedia_142x89":["https:\/\/www.companyki.com.br\/v2\/wp-content\/uploads\/2025\/06\/WhatsApp-Image-2025-06-02-at-09.50.38-142x89.jpeg",142,89,true],"speedia_240x290":["https:\/\/www.companyki.com.br\/v2\/wp-content\/uploads\/2025\/06\/WhatsApp-Image-2025-06-02-at-09.50.38-240x290.jpeg",240,290,true],"speedia_150x196":["https:\/\/www.companyki.com.br\/v2\/wp-content\/uploads\/2025\/06\/WhatsApp-Image-2025-06-02-at-09.50.38-150x196.jpeg",150,196,true],"woocommerce_thumbnail":["https:\/\/www.companyki.com.br\/v2\/wp-content\/uploads\/2025\/06\/WhatsApp-Image-2025-06-02-at-09.50.38-300x300.jpeg",300,300,true],"woocommerce_single":["https:\/\/www.companyki.com.br\/v2\/wp-content\/uploads\/2025\/06\/WhatsApp-Image-2025-06-02-at-09.50.38-600x800.jpeg",600,800,true],"woocommerce_gallery_thumbnail":["https:\/\/www.companyki.com.br\/v2\/wp-content\/uploads\/2025\/06\/WhatsApp-Image-2025-06-02-at-09.50.38-100x100.jpeg",100,100,true]},"uagb_author_info":{"display_name":"admin","author_link":"https:\/\/www.companyki.com.br\/v2\/author\/"},"uagb_comment_info":0,"uagb_excerpt":"Chave Reposi\u00e7\u00e3o Land Rover 5Bts","_links":{"self":[{"href":"https:\/\/www.companyki.com.br\/v2\/wp-json\/wp\/v2\/product\/4525","targetHints":{"allow":["GET"]}}],"collection":[{"href":"https:\/\/www.companyki.com.br\/v2\/wp-json\/wp\/v2\/product"}],"about":[{"href":"https:\/\/www.companyki.com.br\/v2\/wp-json\/wp\/v2\/types\/product"}],"replies":[{"embeddable":true,"href":"https:\/\/www.companyki.com.br\/v2\/wp-json\/wp\/v2\/comments?post=4525"}],"version-history":[{"count":1,"href":"https:\/\/www.companyki.com.br\/v2\/wp-json\/wp\/v2\/product\/4525\/revisions"}],"predecessor-version":[{"id":4527,"href":"https:\/\/www.companyki.com.br\/v2\/wp-json\/wp\/v2\/product\/4525\/revisions\/4527"}],"wp:featuredmedia":[{"embeddable":true,"href":"https:\/\/www.companyki.com.br\/v2\/wp-json\/wp\/v2\/media\/4526"}],"wp:attachment":[{"href":"https:\/\/www.companyki.com.br\/v2\/wp-json\/wp\/v2\/media?parent=4525"}],"wp:term":[{"taxonomy":"product_brand","embeddable":true,"href":"https:\/\/www.companyki.com.br\/v2\/wp-json\/wp\/v2\/product_brand?post=4525"},{"taxonomy":"product_cat","embeddable":true,"href":"https:\/\/www.companyki.com.br\/v2\/wp-json\/wp\/v2\/product_cat?post=4525"},{"taxonomy":"product_tag","embeddable":true,"href":"https:\/\/www.companyki.com.br\/v2\/wp-json\/wp\/v2\/product_tag?post=4525"}],"curies":[{"name":"wp","href":"https:\/\/api.w.org\/{rel}","templated":true}]}}