{"id":4528,"date":"2025-06-04T17:33:07","date_gmt":"2025-06-04T20:33:07","guid":{"rendered":"https:\/\/www.companyki.com.br\/v2\/?post_type=product&#038;p=4528"},"modified":"2025-06-04T17:33:07","modified_gmt":"2025-06-04T20:33:07","slug":"canivete-oca-adaptacao-peugeot-2-bts-suporte-bateria","status":"publish","type":"product","link":"https:\/\/www.companyki.com.br\/v2\/produto\/canivete-oca-adaptacao-peugeot-2-bts-suporte-bateria\/","title":{"rendered":"Canivete Oca Adapta\u00e7\u00e3o Peugeot 2 Bts Suporte Bateria"},"content":{"rendered":"<p>Canivete Oca Adapta\u00e7\u00e3o Peugeot 2 Bts Suporte Bateria<\/p>\n","protected":false},"excerpt":{"rendered":"<p>Canivete Oca Adapta\u00e7\u00e3o Peugeot 2 Bts Suporte Bateria<\/p>\n","protected":false},"featured_media":4531,"comment_status":"open","ping_status":"closed","template":"","meta":{"_uag_custom_page_level_css":""},"product_brand":[],"product_cat":[94,77],"product_tag":[],"class_list":{"0":"post-4528","1":"product","2":"type-product","3":"status-publish","4":"has-post-thumbnail","6":"product_cat-canivetes","7":"product_cat-carcacas-e-adaptacoes","9":"first","10":"instock","11":"shipping-taxable","12":"purchasable","13":"product-type-simple"},"uagb_featured_image_src":{"full":["https:\/\/www.companyki.com.br\/v2\/wp-content\/uploads\/2025\/06\/WhatsApp-Image-2025-06-02-at-09.51.12.jpeg",727,1280,false],"thumbnail":["https:\/\/www.companyki.com.br\/v2\/wp-content\/uploads\/2025\/06\/WhatsApp-Image-2025-06-02-at-09.51.12-150x150.jpeg",150,150,true],"medium":["https:\/\/www.companyki.com.br\/v2\/wp-content\/uploads\/2025\/06\/WhatsApp-Image-2025-06-02-at-09.51.12-170x300.jpeg",170,300,true],"medium_large":["https:\/\/www.companyki.com.br\/v2\/wp-content\/uploads\/2025\/06\/WhatsApp-Image-2025-06-02-at-09.51.12.jpeg",525,924,false],"large":["https:\/\/www.companyki.com.br\/v2\/wp-content\/uploads\/2025\/06\/WhatsApp-Image-2025-06-02-at-09.51.12-582x1024.jpeg",525,924,true],"1536x1536":["https:\/\/www.companyki.com.br\/v2\/wp-content\/uploads\/2025\/06\/WhatsApp-Image-2025-06-02-at-09.51.12.jpeg",727,1280,false],"2048x2048":["https:\/\/www.companyki.com.br\/v2\/wp-content\/uploads\/2025\/06\/WhatsApp-Image-2025-06-02-at-09.51.12.jpeg",727,1280,false],"speedia_259x243":["https:\/\/www.companyki.com.br\/v2\/wp-content\/uploads\/2025\/06\/WhatsApp-Image-2025-06-02-at-09.51.12-259x243.jpeg",259,243,true],"speedia_232x232":["https:\/\/www.companyki.com.br\/v2\/wp-content\/uploads\/2025\/06\/WhatsApp-Image-2025-06-02-at-09.51.12-232x232.jpeg",232,232,true],"speedia_141x141":["https:\/\/www.companyki.com.br\/v2\/wp-content\/uploads\/2025\/06\/WhatsApp-Image-2025-06-02-at-09.51.12-141x141.jpeg",141,141,true],"speedia_370x245":["https:\/\/www.companyki.com.br\/v2\/wp-content\/uploads\/2025\/06\/WhatsApp-Image-2025-06-02-at-09.51.12-370x245.jpeg",370,245,true],"speedia_254x253":["https:\/\/www.companyki.com.br\/v2\/wp-content\/uploads\/2025\/06\/WhatsApp-Image-2025-06-02-at-09.51.12-254x253.jpeg",254,253,true],"speedia_170x160":["https:\/\/www.companyki.com.br\/v2\/wp-content\/uploads\/2025\/06\/WhatsApp-Image-2025-06-02-at-09.51.12-170x160.jpeg",170,160,true],"speedia_270x350":["https:\/\/www.companyki.com.br\/v2\/wp-content\/uploads\/2025\/06\/WhatsApp-Image-2025-06-02-at-09.51.12-270x350.jpeg",270,350,true],"speedia_185x185":["https:\/\/www.companyki.com.br\/v2\/wp-content\/uploads\/2025\/06\/WhatsApp-Image-2025-06-02-at-09.51.12-185x185.jpeg",185,185,true],"speedia_270x280":["https:\/\/www.companyki.com.br\/v2\/wp-content\/uploads\/2025\/06\/WhatsApp-Image-2025-06-02-at-09.51.12-270x280.jpeg",270,280,true],"speedia_301x301":["https:\/\/www.companyki.com.br\/v2\/wp-content\/uploads\/2025\/06\/WhatsApp-Image-2025-06-02-at-09.51.12-301x301.jpeg",301,301,true],"speedia_270x220":["https:\/\/www.companyki.com.br\/v2\/wp-content\/uploads\/2025\/06\/WhatsApp-Image-2025-06-02-at-09.51.12-270x220.jpeg",270,220,true],"speedia_273x260":["https:\/\/www.companyki.com.br\/v2\/wp-content\/uploads\/2025\/06\/WhatsApp-Image-2025-06-02-at-09.51.12-273x260.jpeg",273,260,true],"speedia_211x381":["https:\/\/www.companyki.com.br\/v2\/wp-content\/uploads\/2025\/06\/WhatsApp-Image-2025-06-02-at-09.51.12-211x381.jpeg",211,381,true],"speedia_210x243":["https:\/\/www.companyki.com.br\/v2\/wp-content\/uploads\/2025\/06\/WhatsApp-Image-2025-06-02-at-09.51.12-210x243.jpeg",210,243,true],"speedia_1170x400":["https:\/\/www.companyki.com.br\/v2\/wp-content\/uploads\/2025\/06\/WhatsApp-Image-2025-06-02-at-09.51.12-727x400.jpeg",727,400,true],"speedia_142x89":["https:\/\/www.companyki.com.br\/v2\/wp-content\/uploads\/2025\/06\/WhatsApp-Image-2025-06-02-at-09.51.12-142x89.jpeg",142,89,true],"speedia_240x290":["https:\/\/www.companyki.com.br\/v2\/wp-content\/uploads\/2025\/06\/WhatsApp-Image-2025-06-02-at-09.51.12-240x290.jpeg",240,290,true],"speedia_150x196":["https:\/\/www.companyki.com.br\/v2\/wp-content\/uploads\/2025\/06\/WhatsApp-Image-2025-06-02-at-09.51.12-150x196.jpeg",150,196,true],"woocommerce_thumbnail":["https:\/\/www.companyki.com.br\/v2\/wp-content\/uploads\/2025\/06\/WhatsApp-Image-2025-06-02-at-09.51.12-300x300.jpeg",300,300,true],"woocommerce_single":["https:\/\/www.companyki.com.br\/v2\/wp-content\/uploads\/2025\/06\/WhatsApp-Image-2025-06-02-at-09.51.12-600x1056.jpeg",600,1056,true],"woocommerce_gallery_thumbnail":["https:\/\/www.companyki.com.br\/v2\/wp-content\/uploads\/2025\/06\/WhatsApp-Image-2025-06-02-at-09.51.12-100x100.jpeg",100,100,true]},"uagb_author_info":{"display_name":"admin","author_link":"https:\/\/www.companyki.com.br\/v2\/author\/"},"uagb_comment_info":0,"uagb_excerpt":"Canivete Oca Adapta\u00e7\u00e3o Peugeot 2 Bts Suporte Bateria","_links":{"self":[{"href":"https:\/\/www.companyki.com.br\/v2\/wp-json\/wp\/v2\/product\/4528","targetHints":{"allow":["GET"]}}],"collection":[{"href":"https:\/\/www.companyki.com.br\/v2\/wp-json\/wp\/v2\/product"}],"about":[{"href":"https:\/\/www.companyki.com.br\/v2\/wp-json\/wp\/v2\/types\/product"}],"replies":[{"embeddable":true,"href":"https:\/\/www.companyki.com.br\/v2\/wp-json\/wp\/v2\/comments?post=4528"}],"version-history":[{"count":1,"href":"https:\/\/www.companyki.com.br\/v2\/wp-json\/wp\/v2\/product\/4528\/revisions"}],"predecessor-version":[{"id":4532,"href":"https:\/\/www.companyki.com.br\/v2\/wp-json\/wp\/v2\/product\/4528\/revisions\/4532"}],"wp:featuredmedia":[{"embeddable":true,"href":"https:\/\/www.companyki.com.br\/v2\/wp-json\/wp\/v2\/media\/4531"}],"wp:attachment":[{"href":"https:\/\/www.companyki.com.br\/v2\/wp-json\/wp\/v2\/media?parent=4528"}],"wp:term":[{"taxonomy":"product_brand","embeddable":true,"href":"https:\/\/www.companyki.com.br\/v2\/wp-json\/wp\/v2\/product_brand?post=4528"},{"taxonomy":"product_cat","embeddable":true,"href":"https:\/\/www.companyki.com.br\/v2\/wp-json\/wp\/v2\/product_cat?post=4528"},{"taxonomy":"product_tag","embeddable":true,"href":"https:\/\/www.companyki.com.br\/v2\/wp-json\/wp\/v2\/product_tag?post=4528"}],"curies":[{"name":"wp","href":"https:\/\/api.w.org\/{rel}","templated":true}]}}