{"id":4902,"date":"2025-11-14T13:45:58","date_gmt":"2025-11-14T16:45:58","guid":{"rendered":"https:\/\/www.companyki.com.br\/v2\/?post_type=product&#038;p=4902"},"modified":"2025-11-14T13:57:53","modified_gmt":"2025-11-14T16:57:53","slug":"chave-canivete-adaptacao-similar-original-gm-2002-a-2008-2-botoes","status":"publish","type":"product","link":"https:\/\/www.companyki.com.br\/v2\/produto\/chave-canivete-adaptacao-similar-original-gm-2002-a-2008-2-botoes\/","title":{"rendered":"Chave Canivete Adapta\u00e7\u00e3o Similar Original GM &#8211; 2002 a 2008 &#8211; 2 Bot\u00f5es"},"content":{"rendered":"<p>Chave Canivete Adapta\u00e7\u00e3o Similar Original GM &#8211; 2002 a 2008 &#8211; 2 Bot\u00f5es<\/p>\n","protected":false},"excerpt":{"rendered":"<p>Chave Canivete Adapta\u00e7\u00e3o Similar Original GM &#8211; 2002 a 2008 &#8211; 2 Bot\u00f5es<\/p>\n","protected":false},"featured_media":4903,"comment_status":"open","ping_status":"closed","template":"","meta":{"_uag_custom_page_level_css":""},"product_brand":[],"product_cat":[69],"product_tag":[],"class_list":{"0":"post-4902","1":"product","2":"type-product","3":"status-publish","4":"has-post-thumbnail","6":"product_cat-similar-original","8":"first","9":"instock","10":"shipping-taxable","11":"purchasable","12":"product-type-simple"},"uagb_featured_image_src":{"full":["https:\/\/www.companyki.com.br\/v2\/wp-content\/uploads\/2025\/11\/WhatsApp-Image-2025-11-12-at-09.24.37-1.jpeg",306,552,false],"thumbnail":["https:\/\/www.companyki.com.br\/v2\/wp-content\/uploads\/2025\/11\/WhatsApp-Image-2025-11-12-at-09.24.37-1-150x150.jpeg",150,150,true],"medium":["https:\/\/www.companyki.com.br\/v2\/wp-content\/uploads\/2025\/11\/WhatsApp-Image-2025-11-12-at-09.24.37-1-166x300.jpeg",166,300,true],"medium_large":["https:\/\/www.companyki.com.br\/v2\/wp-content\/uploads\/2025\/11\/WhatsApp-Image-2025-11-12-at-09.24.37-1.jpeg",306,552,false],"large":["https:\/\/www.companyki.com.br\/v2\/wp-content\/uploads\/2025\/11\/WhatsApp-Image-2025-11-12-at-09.24.37-1.jpeg",306,552,false],"1536x1536":["https:\/\/www.companyki.com.br\/v2\/wp-content\/uploads\/2025\/11\/WhatsApp-Image-2025-11-12-at-09.24.37-1.jpeg",306,552,false],"2048x2048":["https:\/\/www.companyki.com.br\/v2\/wp-content\/uploads\/2025\/11\/WhatsApp-Image-2025-11-12-at-09.24.37-1.jpeg",306,552,false],"speedia_259x243":["https:\/\/www.companyki.com.br\/v2\/wp-content\/uploads\/2025\/11\/WhatsApp-Image-2025-11-12-at-09.24.37-1-259x243.jpeg",259,243,true],"speedia_232x232":["https:\/\/www.companyki.com.br\/v2\/wp-content\/uploads\/2025\/11\/WhatsApp-Image-2025-11-12-at-09.24.37-1-232x232.jpeg",232,232,true],"speedia_141x141":["https:\/\/www.companyki.com.br\/v2\/wp-content\/uploads\/2025\/11\/WhatsApp-Image-2025-11-12-at-09.24.37-1-141x141.jpeg",141,141,true],"speedia_370x245":["https:\/\/www.companyki.com.br\/v2\/wp-content\/uploads\/2025\/11\/WhatsApp-Image-2025-11-12-at-09.24.37-1-306x245.jpeg",306,245,true],"speedia_254x253":["https:\/\/www.companyki.com.br\/v2\/wp-content\/uploads\/2025\/11\/WhatsApp-Image-2025-11-12-at-09.24.37-1-254x253.jpeg",254,253,true],"speedia_170x160":["https:\/\/www.companyki.com.br\/v2\/wp-content\/uploads\/2025\/11\/WhatsApp-Image-2025-11-12-at-09.24.37-1-170x160.jpeg",170,160,true],"speedia_270x350":["https:\/\/www.companyki.com.br\/v2\/wp-content\/uploads\/2025\/11\/WhatsApp-Image-2025-11-12-at-09.24.37-1-270x350.jpeg",270,350,true],"speedia_185x185":["https:\/\/www.companyki.com.br\/v2\/wp-content\/uploads\/2025\/11\/WhatsApp-Image-2025-11-12-at-09.24.37-1-185x185.jpeg",185,185,true],"speedia_270x280":["https:\/\/www.companyki.com.br\/v2\/wp-content\/uploads\/2025\/11\/WhatsApp-Image-2025-11-12-at-09.24.37-1-270x280.jpeg",270,280,true],"speedia_301x301":["https:\/\/www.companyki.com.br\/v2\/wp-content\/uploads\/2025\/11\/WhatsApp-Image-2025-11-12-at-09.24.37-1-301x301.jpeg",301,301,true],"speedia_270x220":["https:\/\/www.companyki.com.br\/v2\/wp-content\/uploads\/2025\/11\/WhatsApp-Image-2025-11-12-at-09.24.37-1-270x220.jpeg",270,220,true],"speedia_273x260":["https:\/\/www.companyki.com.br\/v2\/wp-content\/uploads\/2025\/11\/WhatsApp-Image-2025-11-12-at-09.24.37-1-273x260.jpeg",273,260,true],"speedia_211x381":["https:\/\/www.companyki.com.br\/v2\/wp-content\/uploads\/2025\/11\/WhatsApp-Image-2025-11-12-at-09.24.37-1-211x381.jpeg",211,381,true],"speedia_210x243":["https:\/\/www.companyki.com.br\/v2\/wp-content\/uploads\/2025\/11\/WhatsApp-Image-2025-11-12-at-09.24.37-1-210x243.jpeg",210,243,true],"speedia_1170x400":["https:\/\/www.companyki.com.br\/v2\/wp-content\/uploads\/2025\/11\/WhatsApp-Image-2025-11-12-at-09.24.37-1-306x400.jpeg",306,400,true],"speedia_142x89":["https:\/\/www.companyki.com.br\/v2\/wp-content\/uploads\/2025\/11\/WhatsApp-Image-2025-11-12-at-09.24.37-1-142x89.jpeg",142,89,true],"speedia_240x290":["https:\/\/www.companyki.com.br\/v2\/wp-content\/uploads\/2025\/11\/WhatsApp-Image-2025-11-12-at-09.24.37-1-240x290.jpeg",240,290,true],"speedia_150x196":["https:\/\/www.companyki.com.br\/v2\/wp-content\/uploads\/2025\/11\/WhatsApp-Image-2025-11-12-at-09.24.37-1-150x196.jpeg",150,196,true],"woocommerce_thumbnail":["https:\/\/www.companyki.com.br\/v2\/wp-content\/uploads\/2025\/11\/WhatsApp-Image-2025-11-12-at-09.24.37-1-300x300.jpeg",300,300,true],"woocommerce_single":["https:\/\/www.companyki.com.br\/v2\/wp-content\/uploads\/2025\/11\/WhatsApp-Image-2025-11-12-at-09.24.37-1.jpeg",306,552,false],"woocommerce_gallery_thumbnail":["https:\/\/www.companyki.com.br\/v2\/wp-content\/uploads\/2025\/11\/WhatsApp-Image-2025-11-12-at-09.24.37-1-100x100.jpeg",100,100,true]},"uagb_author_info":{"display_name":"admin","author_link":"https:\/\/www.companyki.com.br\/v2\/author\/"},"uagb_comment_info":0,"uagb_excerpt":"Chave Canivete Adapta\u00e7\u00e3o Similar Original GM - 2002 a 2008 - 2 Bot\u00f5es","_links":{"self":[{"href":"https:\/\/www.companyki.com.br\/v2\/wp-json\/wp\/v2\/product\/4902","targetHints":{"allow":["GET"]}}],"collection":[{"href":"https:\/\/www.companyki.com.br\/v2\/wp-json\/wp\/v2\/product"}],"about":[{"href":"https:\/\/www.companyki.com.br\/v2\/wp-json\/wp\/v2\/types\/product"}],"replies":[{"embeddable":true,"href":"https:\/\/www.companyki.com.br\/v2\/wp-json\/wp\/v2\/comments?post=4902"}],"version-history":[{"count":1,"href":"https:\/\/www.companyki.com.br\/v2\/wp-json\/wp\/v2\/product\/4902\/revisions"}],"predecessor-version":[{"id":4904,"href":"https:\/\/www.companyki.com.br\/v2\/wp-json\/wp\/v2\/product\/4902\/revisions\/4904"}],"wp:featuredmedia":[{"embeddable":true,"href":"https:\/\/www.companyki.com.br\/v2\/wp-json\/wp\/v2\/media\/4903"}],"wp:attachment":[{"href":"https:\/\/www.companyki.com.br\/v2\/wp-json\/wp\/v2\/media?parent=4902"}],"wp:term":[{"taxonomy":"product_brand","embeddable":true,"href":"https:\/\/www.companyki.com.br\/v2\/wp-json\/wp\/v2\/product_brand?post=4902"},{"taxonomy":"product_cat","embeddable":true,"href":"https:\/\/www.companyki.com.br\/v2\/wp-json\/wp\/v2\/product_cat?post=4902"},{"taxonomy":"product_tag","embeddable":true,"href":"https:\/\/www.companyki.com.br\/v2\/wp-json\/wp\/v2\/product_tag?post=4902"}],"curies":[{"name":"wp","href":"https:\/\/api.w.org\/{rel}","templated":true}]}}