{"id":4939,"date":"2026-01-19T16:41:30","date_gmt":"2026-01-19T19:41:30","guid":{"rendered":"https:\/\/www.companyki.com.br\/v2\/?post_type=product&#038;p=4939"},"modified":"2026-01-20T16:38:05","modified_gmt":"2026-01-20T19:38:05","slug":"chave-oca-de-presenca-jeep-4-botoes-com-lamina","status":"publish","type":"product","link":"https:\/\/www.companyki.com.br\/v2\/produto\/chave-oca-de-presenca-jeep-4-botoes-com-lamina\/","title":{"rendered":"Chave Oca de Presen\u00e7a JEEP &#8211; 4 bot\u00f5es com l\u00e2mina"},"content":{"rendered":"<p>Chave Oca de Presen\u00e7a JEEP &#8211; 4 bot\u00f5es com l\u00e2mina<\/p>\n","protected":false},"excerpt":{"rendered":"<p>Chave Oca de Presen\u00e7a JEEP &#8211; 4 bot\u00f5es com l\u00e2mina<\/p>\n","protected":false},"featured_media":4940,"comment_status":"open","ping_status":"closed","template":"","meta":{"_uag_custom_page_level_css":""},"product_brand":[],"product_cat":[77],"product_tag":[],"class_list":{"0":"post-4939","1":"product","2":"type-product","3":"status-publish","4":"has-post-thumbnail","6":"product_cat-carcacas-e-adaptacoes","8":"first","9":"instock","10":"shipping-taxable","11":"purchasable","12":"product-type-simple"},"uagb_featured_image_src":{"full":["https:\/\/www.companyki.com.br\/v2\/wp-content\/uploads\/2026\/01\/WhatsApp-Image-2026-01-14-at-08.21.33-1.jpeg",1261,975,false],"thumbnail":["https:\/\/www.companyki.com.br\/v2\/wp-content\/uploads\/2026\/01\/WhatsApp-Image-2026-01-14-at-08.21.33-1-150x150.jpeg",150,150,true],"medium":["https:\/\/www.companyki.com.br\/v2\/wp-content\/uploads\/2026\/01\/WhatsApp-Image-2026-01-14-at-08.21.33-1-300x232.jpeg",300,232,true],"medium_large":["https:\/\/www.companyki.com.br\/v2\/wp-content\/uploads\/2026\/01\/WhatsApp-Image-2026-01-14-at-08.21.33-1-768x594.jpeg",525,406,true],"large":["https:\/\/www.companyki.com.br\/v2\/wp-content\/uploads\/2026\/01\/WhatsApp-Image-2026-01-14-at-08.21.33-1-1024x792.jpeg",525,406,true],"1536x1536":["https:\/\/www.companyki.com.br\/v2\/wp-content\/uploads\/2026\/01\/WhatsApp-Image-2026-01-14-at-08.21.33-1.jpeg",1261,975,false],"2048x2048":["https:\/\/www.companyki.com.br\/v2\/wp-content\/uploads\/2026\/01\/WhatsApp-Image-2026-01-14-at-08.21.33-1.jpeg",1261,975,false],"speedia_259x243":["https:\/\/www.companyki.com.br\/v2\/wp-content\/uploads\/2026\/01\/WhatsApp-Image-2026-01-14-at-08.21.33-1-259x243.jpeg",259,243,true],"speedia_232x232":["https:\/\/www.companyki.com.br\/v2\/wp-content\/uploads\/2026\/01\/WhatsApp-Image-2026-01-14-at-08.21.33-1-232x232.jpeg",232,232,true],"speedia_141x141":["https:\/\/www.companyki.com.br\/v2\/wp-content\/uploads\/2026\/01\/WhatsApp-Image-2026-01-14-at-08.21.33-1-141x141.jpeg",141,141,true],"speedia_370x245":["https:\/\/www.companyki.com.br\/v2\/wp-content\/uploads\/2026\/01\/WhatsApp-Image-2026-01-14-at-08.21.33-1-370x245.jpeg",370,245,true],"speedia_254x253":["https:\/\/www.companyki.com.br\/v2\/wp-content\/uploads\/2026\/01\/WhatsApp-Image-2026-01-14-at-08.21.33-1-254x253.jpeg",254,253,true],"speedia_170x160":["https:\/\/www.companyki.com.br\/v2\/wp-content\/uploads\/2026\/01\/WhatsApp-Image-2026-01-14-at-08.21.33-1-170x160.jpeg",170,160,true],"speedia_270x350":["https:\/\/www.companyki.com.br\/v2\/wp-content\/uploads\/2026\/01\/WhatsApp-Image-2026-01-14-at-08.21.33-1-270x350.jpeg",270,350,true],"speedia_185x185":["https:\/\/www.companyki.com.br\/v2\/wp-content\/uploads\/2026\/01\/WhatsApp-Image-2026-01-14-at-08.21.33-1-185x185.jpeg",185,185,true],"speedia_270x280":["https:\/\/www.companyki.com.br\/v2\/wp-content\/uploads\/2026\/01\/WhatsApp-Image-2026-01-14-at-08.21.33-1-270x280.jpeg",270,280,true],"speedia_301x301":["https:\/\/www.companyki.com.br\/v2\/wp-content\/uploads\/2026\/01\/WhatsApp-Image-2026-01-14-at-08.21.33-1-301x301.jpeg",301,301,true],"speedia_270x220":["https:\/\/www.companyki.com.br\/v2\/wp-content\/uploads\/2026\/01\/WhatsApp-Image-2026-01-14-at-08.21.33-1-270x220.jpeg",270,220,true],"speedia_273x260":["https:\/\/www.companyki.com.br\/v2\/wp-content\/uploads\/2026\/01\/WhatsApp-Image-2026-01-14-at-08.21.33-1-273x260.jpeg",273,260,true],"speedia_211x381":["https:\/\/www.companyki.com.br\/v2\/wp-content\/uploads\/2026\/01\/WhatsApp-Image-2026-01-14-at-08.21.33-1-211x381.jpeg",211,381,true],"speedia_210x243":["https:\/\/www.companyki.com.br\/v2\/wp-content\/uploads\/2026\/01\/WhatsApp-Image-2026-01-14-at-08.21.33-1-210x243.jpeg",210,243,true],"speedia_1170x400":["https:\/\/www.companyki.com.br\/v2\/wp-content\/uploads\/2026\/01\/WhatsApp-Image-2026-01-14-at-08.21.33-1-1170x400.jpeg",1170,400,true],"speedia_142x89":["https:\/\/www.companyki.com.br\/v2\/wp-content\/uploads\/2026\/01\/WhatsApp-Image-2026-01-14-at-08.21.33-1-142x89.jpeg",142,89,true],"speedia_240x290":["https:\/\/www.companyki.com.br\/v2\/wp-content\/uploads\/2026\/01\/WhatsApp-Image-2026-01-14-at-08.21.33-1-240x290.jpeg",240,290,true],"speedia_150x196":["https:\/\/www.companyki.com.br\/v2\/wp-content\/uploads\/2026\/01\/WhatsApp-Image-2026-01-14-at-08.21.33-1-150x196.jpeg",150,196,true],"woocommerce_thumbnail":["https:\/\/www.companyki.com.br\/v2\/wp-content\/uploads\/2026\/01\/WhatsApp-Image-2026-01-14-at-08.21.33-1-300x300.jpeg",300,300,true],"woocommerce_single":["https:\/\/www.companyki.com.br\/v2\/wp-content\/uploads\/2026\/01\/WhatsApp-Image-2026-01-14-at-08.21.33-1-600x464.jpeg",600,464,true],"woocommerce_gallery_thumbnail":["https:\/\/www.companyki.com.br\/v2\/wp-content\/uploads\/2026\/01\/WhatsApp-Image-2026-01-14-at-08.21.33-1-100x100.jpeg",100,100,true]},"uagb_author_info":{"display_name":"admin","author_link":"https:\/\/www.companyki.com.br\/v2\/author\/"},"uagb_comment_info":0,"uagb_excerpt":"Chave Oca de Presen\u00e7a JEEP - 4 bot\u00f5es com l\u00e2mina","_links":{"self":[{"href":"https:\/\/www.companyki.com.br\/v2\/wp-json\/wp\/v2\/product\/4939","targetHints":{"allow":["GET"]}}],"collection":[{"href":"https:\/\/www.companyki.com.br\/v2\/wp-json\/wp\/v2\/product"}],"about":[{"href":"https:\/\/www.companyki.com.br\/v2\/wp-json\/wp\/v2\/types\/product"}],"replies":[{"embeddable":true,"href":"https:\/\/www.companyki.com.br\/v2\/wp-json\/wp\/v2\/comments?post=4939"}],"version-history":[{"count":1,"href":"https:\/\/www.companyki.com.br\/v2\/wp-json\/wp\/v2\/product\/4939\/revisions"}],"predecessor-version":[{"id":4941,"href":"https:\/\/www.companyki.com.br\/v2\/wp-json\/wp\/v2\/product\/4939\/revisions\/4941"}],"wp:featuredmedia":[{"embeddable":true,"href":"https:\/\/www.companyki.com.br\/v2\/wp-json\/wp\/v2\/media\/4940"}],"wp:attachment":[{"href":"https:\/\/www.companyki.com.br\/v2\/wp-json\/wp\/v2\/media?parent=4939"}],"wp:term":[{"taxonomy":"product_brand","embeddable":true,"href":"https:\/\/www.companyki.com.br\/v2\/wp-json\/wp\/v2\/product_brand?post=4939"},{"taxonomy":"product_cat","embeddable":true,"href":"https:\/\/www.companyki.com.br\/v2\/wp-json\/wp\/v2\/product_cat?post=4939"},{"taxonomy":"product_tag","embeddable":true,"href":"https:\/\/www.companyki.com.br\/v2\/wp-json\/wp\/v2\/product_tag?post=4939"}],"curies":[{"name":"wp","href":"https:\/\/api.w.org\/{rel}","templated":true}]}}